{"id":45,"date":"2018-10-15T16:03:17","date_gmt":"2018-10-15T14:03:17","guid":{"rendered":"https:\/\/mostpioltello.wordpress.com\/?page_id=45"},"modified":"2019-05-06T20:18:06","modified_gmt":"2019-05-06T20:18:06","slug":"informazioni-2","status":"publish","type":"page","link":"http:\/\/www.mostpioltello.polimi.it\/?page_id=45","title":{"rendered":"Progetto"},"content":{"rendered":"<p style=\"text-align: left;\">M.O.S.T. of Pioltello\u2019 \u00e8 <strong>un progetto di <em>ricognizione e ideazione<\/em><\/strong> vincitore della competizione di ricerca Polisocial Award 2017.<\/p>\n<p style=\"text-align: left;\"><strong><a href=\"http:\/\/www.polisocial.polimi.it\/it\/home\/\">Polisocial<\/a> Award <\/strong>\u00e8 il programma di sostegno e sviluppo della ricerca ad alto valore scientifico e impatto sociale finanziato dal Politecnico di Milano nell\u2019ambito della sua \u201cterza missione\u201d con i fondi raccolti attraverso la devoluzione del cinque per mille IRPEF all\u2019Ateneo.<\/p>\n<p style=\"text-align: left;\">L\u2019edizione 2017 della competizione \u00e8 stata dedicata al tema delle <strong>\u201cPeriferie urbane\u201d<\/strong>.<\/p>\n<p style=\"text-align: left;\"><strong>\u2018M.O.S.T. of Pioltello\u2019<\/strong> intende studiare un dispositivo d\u2019integrazione sociale e rigenerazione urbana sviluppato in relazione al Quartiere Satellite di Pioltello e trasferibile a diversi contesti della periferia metropolitana milanese.<\/p>\n<p style=\"text-align: left;\">Il progetto di ricerca e azione vuole favorire la capacitazione della societ\u00e0 locale (attraverso l\u2019educazione e il lavoro), nonch\u00e9 la valorizzazione e l\u2019attivazione di risorse urbane (casa e spazio collettivo).<\/p>\n<p style=\"text-align: left;\">Esso prevede in particolare: l\u2019accompagnamento educativo attraverso il gioco e la progettazione di spazi urbani a esso deputati; la formazione professionale e l\u2019inserimento lavorativo dei giovani immigrati; l\u2019attivazione di microeconomie basate sul recupero del patrimonio abitativo; l\u2019attivazione di processi manutentivi diffusivi.<\/p>\n<p style=\"text-align: left;\"><strong>Pioltello<\/strong> \u00e8 il secondo comune con la pi\u00f9 alta percentuale di stranieri in Lombardia e il primo in Italia tra i comuni della medesima classe demografica. I residenti di provenienza UE ed extra-UE sono raddoppiati negli ultimi dieci anni e provengono da pi\u00f9 di cento paesi. Il 20% della popolazione \u00e8 minorenne.<\/p>\n<p style=\"text-align: left;\">Nel <strong>Quartiere Satellite<\/strong> abitano (regolarmente) circa novemila persone in quasi duemila alloggi, edificati negli anni Sessanta in regime di edilizia privata. La propriet\u00e0 \u00e8 frazionata e diffusa e buona parte del patrimonio \u00e8 soggetto a procedimenti di pignoramento esecutivo per morosit\u00e0. Le condizioni manutentive generali di questo patrimonio sono scarse e, in alcuni casi, critiche.<\/p>\n<p style=\"text-align: left;\">Il Quartiere Satellite costituisce oggi un insediamento di edilizia privata che pu\u00f2 essere assunto come <strong>prototipo della periferia metropolitana multietnica e multiculturale <\/strong>caratterizzato da aspetti sociali di marginalit\u00e0, basso livello di coesione e sviluppo di conflitti, ma anche da fenomeni di degrado fisico del patrimonio abitativo e parzialmente dello spazio collettivo.<\/p>\n","protected":false},"excerpt":{"rendered":"<p>M.O.S.T. of Pioltello\u2019 \u00e8 un progetto di ricognizione e ideazione vincitore della competizione di ricerca Polisocial Award 2017. Polisocial Award \u00e8 il programma di sostegno e sviluppo della ricerca ad alto valore scientifico e impatto sociale finanziato dal Politecnico di Milano nell\u2019ambito della sua \u201cterza missione\u201d con i fondi raccolti attraverso la devoluzione del cinque &hellip; <\/p>\n<p class=\"link-more\"><a href=\"http:\/\/www.mostpioltello.polimi.it\/?page_id=45\" class=\"more-link\">Continue reading<span class=\"screen-reader-text\"> &#8220;Progetto&#8221;<\/span><\/a><\/p>\n","protected":false},"author":3,"featured_media":0,"parent":0,"menu_order":1,"comment_status":"closed","ping_status":"closed","template":"","meta":{"footnotes":""},"class_list":["post-45","page","type-page","status-publish","hentry"],"_links":{"self":[{"href":"http:\/\/www.mostpioltello.polimi.it\/index.php?rest_route=\/wp\/v2\/pages\/45","targetHints":{"allow":["GET"]}}],"collection":[{"href":"http:\/\/www.mostpioltello.polimi.it\/index.php?rest_route=\/wp\/v2\/pages"}],"about":[{"href":"http:\/\/www.mostpioltello.polimi.it\/index.php?rest_route=\/wp\/v2\/types\/page"}],"author":[{"embeddable":true,"href":"http:\/\/www.mostpioltello.polimi.it\/index.php?rest_route=\/wp\/v2\/users\/3"}],"replies":[{"embeddable":true,"href":"http:\/\/www.mostpioltello.polimi.it\/index.php?rest_route=%2Fwp%2Fv2%2Fcomments&post=45"}],"version-history":[{"count":2,"href":"http:\/\/www.mostpioltello.polimi.it\/index.php?rest_route=\/wp\/v2\/pages\/45\/revisions"}],"predecessor-version":[{"id":222,"href":"http:\/\/www.mostpioltello.polimi.it\/index.php?rest_route=\/wp\/v2\/pages\/45\/revisions\/222"}],"wp:attachment":[{"href":"http:\/\/www.mostpioltello.polimi.it\/index.php?rest_route=%2Fwp%2Fv2%2Fmedia&parent=45"}],"curies":[{"name":"wp","href":"https:\/\/api.w.org\/{rel}","templated":true}]}}